{"id":591,"date":"2020-11-30T09:03:56","date_gmt":"2020-11-30T09:03:56","guid":{"rendered":"http:\/\/old4.commonsupport.com\/apartio\/?page_id=591"},"modified":"2023-04-27T20:55:51","modified_gmt":"2023-04-27T20:55:51","slug":"building-2","status":"publish","type":"page","link":"https:\/\/fole.com.al\/sq\/building-2\/","title":{"rendered":"Bar-Restoranti"},"content":{"rendered":"<div data-elementor-type=\"wp-page\" data-elementor-id=\"591\" class=\"elementor elementor-591\">\n\t\t\t\t\t\t<section class=\"elementor-section elementor-top-section elementor-element elementor-element-db7dd8b elementor-section-stretched elementor-section-full_width elementor-section-height-default elementor-section-height-default\" data-id=\"db7dd8b\" data-element_type=\"section\" data-e-type=\"section\" data-settings=\"{&quot;stretch_section&quot;:&quot;section-stretched&quot;}\">\n\t\t\t\t\t\t<div class=\"elementor-container elementor-column-gap-no\">\n\t\t\t\t\t<div class=\"elementor-column elementor-col-100 elementor-top-column elementor-element elementor-element-d92d08b\" data-id=\"d92d08b\" data-element_type=\"column\" data-e-type=\"column\">\n\t\t\t<div class=\"elementor-widget-wrap elementor-element-populated\">\n\t\t\t\t\t\t<div class=\"elementor-element elementor-element-a7671c9 elementor-widget elementor-widget-spacer\" data-id=\"a7671c9\" data-element_type=\"widget\" data-e-type=\"widget\" data-widget_type=\"spacer.default\">\n\t\t\t\t<div class=\"elementor-widget-container\">\n\t\t\t\t\t\t\t<div class=\"elementor-spacer\">\n\t\t\t<div class=\"elementor-spacer-inner\"><\/div>\n\t\t<\/div>\n\t\t\t\t\t\t<\/div>\n\t\t\t\t<\/div>\n\t\t\t\t\t<\/div>\n\t\t<\/div>\n\t\t\t\t\t<\/div>\n\t\t<\/section>\n\t\t\t\t<section class=\"elementor-section elementor-top-section elementor-element elementor-element-46a3c1dc elementor-section-boxed elementor-section-height-default elementor-section-height-default\" data-id=\"46a3c1dc\" data-element_type=\"section\" data-e-type=\"section\">\n\t\t\t\t\t\t<div class=\"elementor-container elementor-column-gap-no\">\n\t\t\t\t\t<div class=\"elementor-column elementor-col-50 elementor-top-column elementor-element elementor-element-652babd9\" data-id=\"652babd9\" data-element_type=\"column\" data-e-type=\"column\">\n\t\t\t<div class=\"elementor-widget-wrap elementor-element-populated\">\n\t\t\t\t\t\t<div class=\"elementor-element elementor-element-e1bb67d elementor-widget elementor-widget-apartio_welcome_left3\" data-id=\"e1bb67d\" data-element_type=\"widget\" data-e-type=\"widget\" data-widget_type=\"apartio_welcome_left3.default\">\n\t\t\t\t<div class=\"elementor-widget-container\">\n\t\t\t\t\t\t\t\t\t\n\t\t<!--Welcome Style2 Area-->\n\t\t<section class=\"welcome-style2-area\">\n\t\t\t<div class=\"container\"> \n\t\t\t\t<div class=\"row\">\n\t\t\t\t\t<div class=\"col-xl-12\">\n\t\t\t\t\t\t<div class=\"welcome-style2-content marbtm40\">\n\t\t\t\t\t\t\t\t\t\t\t\t\t\t<div class=\"sec-title style3\">\n\t\t\t\t\t\t\t\t<div class=\"title-icon\">\n\t\t\t\t\t\t\t\t\t<span class=\"icon-design\"><\/span>\n\t\t\t\t\t\t\t\t<\/div>\n\t\t\t\t\t\t\t\t<div class=\"sub-title\">\n\t\t\t\t\t\t\t\t\t<h4>Rezidenca Fol\u00e8<\/h4>\n\t\t\t\t\t\t\t\t<\/div>\n\t\t\t\t\t\t\t\t<h2>Mire se erdhet ne\nBar-Restorantin\n<br>e Fol\u00e8<\/h2>\n\t\t\t\t\t\t\t<\/div>\n\t\t\t\t\t\t\t\t\t\t\t\t\t\t<div class=\"inner-content\">\n\t\t\t\t\t\t\t\t<p>Zona e restorantit ka nj\u00eb kapacitet prej 435 vendesh me nj\u00eb zon\u00eb t\u00eb vet\u00eb-sh\u00ebrbimit ku student\u00ebt dhe t\u00eb gjith\u00eb klient\u00ebt mund t\u00eb han\u00eb m\u00ebngjes, drek\u00eb dhe dark\u00eb. Restoranti \u00ebsht\u00eb i ndar\u00eb n\u00eb disa zona, zona kryesore e ngr\u00ebnies, zona e barit dhe hap\u00ebsira e jashtme. Dizajni i restorantit \u00ebsht\u00eb nj\u00eb stil modern bistro me mobilje t\u00eb bukura dhe komode brenda dhe jasht\u00eb.<\/p>\n\t\t\t\t\t\t\t\t<ul>\n\t\t\t\t\t\t\t\t\t\t\t\t\t\t\t\t\t\t<li><\/li>\n\t\t\t\t\t\t\t\t\t\t\t\t\t\t\t\t\t<\/ul>\n\t\t\t\t\t\t\t<\/div>\n\t\t\t\t\t\t<\/div>\n\t\t\t\t\t<\/div>\n\t\t\t\t<\/div>\n\t\t\t<\/div>    \n\t\t<\/section>\n\t\t<!--End Style2 Area-->\n             \n\t\t\t\t\t\t<\/div>\n\t\t\t\t<\/div>\n\t\t\t\t\t<\/div>\n\t\t<\/div>\n\t\t\t\t<div class=\"elementor-column elementor-col-50 elementor-top-column elementor-element elementor-element-6a6b2d31\" data-id=\"6a6b2d31\" data-element_type=\"column\" data-e-type=\"column\">\n\t\t\t<div class=\"elementor-widget-wrap elementor-element-populated\">\n\t\t\t\t\t\t<div class=\"elementor-element elementor-element-34ba1222 elementor-widget elementor-widget-apartio_welcome_right\" data-id=\"34ba1222\" data-element_type=\"widget\" data-e-type=\"widget\" data-widget_type=\"apartio_welcome_right.default\">\n\t\t\t\t<div class=\"elementor-widget-container\">\n\t\t\t\t\t        \n\t\t<!--Welcome Style2 Area-->\n\t\t<section id=\"welcome2\" class=\"two welcome-style2-area\">\n\t\t\t<div class=\"container\"> \n\t\t\t\t<div class=\"row\">\n\t\t\t\t\t<div class=\"col-xl-12\">\n\t\t\t\t\t\t<div class=\"welcome-style2-image-box\">\n\t\t\t\t\t\t\t<div class=\"inner-image\">\n\t\t\t\t\t\t\t\t<img decoding=\"async\" src=\"https:\/\/fole.com.al\/wp-content\/uploads\/2023\/01\/MG_4062-scaled.jpg\" alt=\"\">\n\t\t\t\t\t\t\t\t<div class=\"left-box\"><\/div>\n\t\t\t\t\t\t\t\t<div class=\"right-box\"><\/div>\n\t\t\t\t\t\t\t<\/div>\n\t\t\t\t\t\t\t<div class=\"inner-title\">\n\t\t\t\t\t\t\t\t<h2>435<\/h2>\n\t\t\t\t\t\t\t\t<p>seats<\/p>\n\t\t\t\t\t\t\t\t<div class=\"icon\"><span class=\"icon-pic1\"><\/span><\/div>\n\t\t\t\t\t\t\t<\/div>    \n\t\t\t\t\t\t<\/div>    \n\t\t\t\t\t<\/div>\n\t\t\t\t<\/div>\n\t\t\t<\/div>    \n\t\t<\/section>\n\t\t<!--End Style2 Area-->\n             \n\t\t\t\t\t\t<\/div>\n\t\t\t\t<\/div>\n\t\t\t\t\t<\/div>\n\t\t<\/div>\n\t\t\t\t\t<\/div>\n\t\t<\/section>\n\t\t\t\t<section class=\"elementor-section elementor-top-section elementor-element elementor-element-4efb60a elementor-section-boxed elementor-section-height-default elementor-section-height-default\" data-id=\"4efb60a\" data-element_type=\"section\" data-e-type=\"section\">\n\t\t\t\t\t\t<div class=\"elementor-container elementor-column-gap-default\">\n\t\t\t\t\t<div class=\"elementor-column elementor-col-100 elementor-top-column elementor-element elementor-element-82f96cd\" data-id=\"82f96cd\" data-element_type=\"column\" data-e-type=\"column\">\n\t\t\t<div class=\"elementor-widget-wrap elementor-element-populated\">\n\t\t\t\t\t\t<div class=\"elementor-element elementor-element-88f1cb5 elementor-widget-divider--view-line elementor-widget elementor-widget-divider\" data-id=\"88f1cb5\" data-element_type=\"widget\" data-e-type=\"widget\" data-widget_type=\"divider.default\">\n\t\t\t\t<div class=\"elementor-widget-container\">\n\t\t\t\t\t\t\t<div class=\"elementor-divider\">\n\t\t\t<span class=\"elementor-divider-separator\">\n\t\t\t\t\t\t<\/span>\n\t\t<\/div>\n\t\t\t\t\t\t<\/div>\n\t\t\t\t<\/div>\n\t\t\t\t<div class=\"elementor-element elementor-element-316d326 elementor-widget elementor-widget-apartio_building_info\" data-id=\"316d326\" data-element_type=\"widget\" data-e-type=\"widget\" data-widget_type=\"apartio_building_info.default\">\n\t\t\t\t<div class=\"elementor-widget-container\">\n\t\t\t\t\t        \n\t\t<section class=\"building-info-area\">\n\t\t\t<div class=\"container\">\n\t\t\t\t\t\t\t\t<div class=\"sec-title style3 text-center\">\n\t\t\t\t\t<div class=\"title-icon\">\n\t\t\t\t\t\t<span class=\"icon-design\"><\/span>\n\t\t\t\t\t<\/div>\n\t\t\t\t\t<h2>Staf i kualifikuar <\/h2>\n\t\t\t\t\t<h3>and quality service<\/h3>\n\t\t\t\t\t<div class=\"text\">\n\t\t\t\t\t\t<p>\u201cNe kemi p\u00ebrzgjedhur p\u00ebr ju jo vet\u00ebm m\u00eb t\u00eb mir\u00ebn, por edhe m\u00eb t\u00eb mir\u00ebt. Stafi yn\u00eb i profesionist\u00ebve do t\u00eb jet\u00eb n\u00eb dispozicionin tuaj p\u00ebr t'ju ofruar gatimet m\u00eb t\u00eb mira dhe sh\u00ebrbimin m\u00eb cil\u00ebsor.\u201c<\/p>\n\t\t\t\t\t<\/div>\n\t\t\t\t<\/div> \n\t\t\t\t\t\t\t<\/div>\n\t\t\t<div class=\"container-fullwidth\">\n\t\t\t\t<div class=\"row\">\n\t\t\t\t\t<div class=\"col-xl-4\">\n\t\t\t\t\t\t<div class=\"building-info-image-box left\">\n\t\t\t\t\t\t\t<ul>\n\t\t\t\t\t\t\t\t\t\t\t\t\t\t\t\t<li>\n\t\t\t\t\t\t\t\t\t<div class=\"img-box\">\n\t\t\t\t\t\t\t\t\t\t<img decoding=\"async\" src=\"\" alt=\"\">\n\t\t\t\t\t\t\t\t\t<\/div>\n\t\t\t\t\t\t\t\t<\/li>\n\t\t\t\t\t\t\t\t\t\t\t\t\t\t\t<\/ul>\n\t\t\t\t\t\t<\/div>\n\t\t\t\t\t<\/div>\n\t\t\t\t\t<div class=\"col-xl-4\">\n\t\t\t\t\t\t<div class=\"building-info-middle-image-box\">\n\t\t\t\t\t\t\t\t\t\t\t\t\t\t<div class=\"img-box\">\n\t\t\t\t\t\t\t\t<img decoding=\"async\" src=\"\" alt=\"\">\n\t\t\t\t\t\t\t<\/div>\n\t\t\t\t\t\t\t\t\t\t\t\t\t<\/div>\n\t\t\t\t\t<\/div>\n\t\t\t\t\t<div class=\"col-xl-4\">\n\t\t\t\t\t\t<div class=\"building-info-image-box right\">\n\t\t\t\t\t\t\t<ul>\n\t\t\t\t\t\t\t\t\t\t\t\t\t\t\t\t<li>\n\t\t\t\t\t\t\t\t\t<div class=\"img-box\">\n\t\t\t\t\t\t\t\t\t\t<img decoding=\"async\" src=\"\" alt=\"\">\n\t\t\t\t\t\t\t\t\t<\/div>\n\t\t\t\t\t\t\t\t<\/li>\n\t\t\t\t\t\t\t\t\t\t\t\t\t\t\t<\/ul>\n\t\t\t\t\t\t<\/div>\n\t\t\t\t\t<\/div>\n\t\t\t\t\t\n\t\t\t\t<\/div>\n\t\t\t<\/div>    \n\t\t<\/section>\n             \n\t\t\t\t\t\t<\/div>\n\t\t\t\t<\/div>\n\t\t\t\t<div class=\"elementor-element elementor-element-eed9b36 elementor-widget elementor-widget-shortcode\" data-id=\"eed9b36\" data-element_type=\"widget\" data-e-type=\"widget\" data-widget_type=\"shortcode.default\">\n\t\t\t\t<div class=\"elementor-widget-container\">\n\t\t\t\t\t\t\t<div class=\"elementor-shortcode\"><!-- Final Tiles Grid Gallery for WordPress v3.6.13 free --><style>#ftg-1010 .tile .icon { color:#ffffff; }#ftg-1010 .ftg-items .loading-bar i { background:#666; }#ftg-1010 .ftg-items .loading-bar { background:#fff; }#ftg-1010 .tile .icon { font-size:12px; }#ftg-1010 .tile .icon { margin: -6px 0 0 -6px; }#ftg-1010 .tile .caption-block .text-wrapper span.text { font-size:12px; }#ftg-1010 .tile .caption-outside .text-wrapper span.text { font-size:12px; }#ftg-1010 .tile .caption-block .text-wrapper span.title { font-size:14px; }#ftg-1010 .tile .caption-outside .text-wrapper span.title { font-size:14px; }#ftg-1010 .tile { background-color: transparent; }#ftg-1010 .tile .caption-block .text-wrapper span.text { color: #ffffff; }#ftg-1010 .tile .caption-block .text-wrapper span.title { color: #ffffff; }#ftg-1010 .tile .caption-outside .text-wrapper span.text { color: #ffffff; }#ftg-1010 .tile .caption-outside .text-wrapper span.title { color: #ffffff; }#ftg-1010 .tile .ftg-social a { color: #ffffff; }#ftg-1010 .tile .caption-block { transition-duration:0.25s; }#ftg-1010 .tile .tile-inner:before { background-color: #000000; }#ftg-1010 .tile .tile-inner:before { background-color: rgba(0, 0, 0, 0.8); }#ftg-1010 .tile:hover img {-moz-transform: -moz-rotate(0deg) -moz-scale(0) ;-webkit-transform: -webkit-rotate(0deg) -webkit-scale(0) ;-o-transform: -o-rotate(0deg) -o-scale(0) ;-ms-transform: -ms-rotate(0deg) -ms-scale(0) ;transform: rotate(0deg) scale(0) ;}<\/style><a name=\"10\"><\/a><div class=\"final-tiles-gallery  ftg-hover-enabled caption-inside  caption-none caption-middle caption-center\" id=\"ftg-1010\" style=\"width: 100%\"><div class='ftg-items'><div class='loading-bar'><i><\/i><\/div><div  class='tile ftg-preload'><a title=\"\" data-lightbox='ftg-1010' rel='ftg-1010'  class='tile-inner  ftg-lightbox' href='https:\/\/fole.com.al\/wp-content\/uploads\/2023\/06\/image00001-2-768x1024.jpeg' ><img alt='' class='item skip-lazy' data-class='item' data-ftg-source='https:\/\/fole.com.al\/wp-content\/uploads\/2023\/06\/image00001-2-768x1024.jpeg' src='https:\/\/fole.com.al\/wp-content\/uploads\/2023\/06\/image00001-2-768x1024.jpeg' width='525' height='700' \/><\/a><div class='ftg-social'><\/div><\/div><div  class='tile ftg-preload'><a title=\"\" data-lightbox='ftg-1010' rel='ftg-1010'  class='tile-inner  ftg-lightbox' href='https:\/\/fole.com.al\/wp-content\/uploads\/2023\/06\/image00002-2-1024x1018.jpeg' ><img alt='' class='item skip-lazy' data-class='item' data-ftg-source='https:\/\/fole.com.al\/wp-content\/uploads\/2023\/06\/image00002-2-1024x1018.jpeg' src='https:\/\/fole.com.al\/wp-content\/uploads\/2023\/06\/image00002-2-1024x1018.jpeg' width='525' height='522' \/><\/a><div class='ftg-social'><\/div><\/div><div  class='tile ftg-preload'><a title=\"\" data-lightbox='ftg-1010' rel='ftg-1010'  class='tile-inner  ftg-lightbox' href='https:\/\/fole.com.al\/wp-content\/uploads\/2023\/06\/image00003-768x1024.jpeg' ><img alt='' class='item skip-lazy' data-class='item' data-ftg-source='https:\/\/fole.com.al\/wp-content\/uploads\/2023\/06\/image00003-768x1024.jpeg' src='https:\/\/fole.com.al\/wp-content\/uploads\/2023\/06\/image00003-768x1024.jpeg' width='525' height='700' \/><\/a><div class='ftg-social'><\/div><\/div><div  class='tile ftg-preload'><a title=\"\" data-lightbox='ftg-1010' rel='ftg-1010'  class='tile-inner  ftg-lightbox' href='https:\/\/fole.com.al\/wp-content\/uploads\/2023\/06\/image00004-1-1024x768.jpeg' ><img alt='' class='item skip-lazy' data-class='item' data-ftg-source='https:\/\/fole.com.al\/wp-content\/uploads\/2023\/06\/image00004-1-1024x768.jpeg' src='https:\/\/fole.com.al\/wp-content\/uploads\/2023\/06\/image00004-1-1024x768.jpeg' width='525' height='394' \/><\/a><div class='ftg-social'><\/div><\/div><\/div><\/div><\/div>\n\t\t\t\t\t\t<\/div>\n\t\t\t\t<\/div>\n\t\t\t\t\t<\/div>\n\t\t<\/div>\n\t\t\t\t\t<\/div>\n\t\t<\/section>\n\t\t\t\t<\/div>","protected":false},"excerpt":{"rendered":"<p>Fol\u00e8 Rezidence Welcome to Bar-Restaurant of Fol\u00e8 The restaurant area has a capacity of 435 seats with a Self-Service area where students and all customers can have breakfast, lunch and dinner. The restaurant is divided into several areas, the main dining area, the bar area, and the outdoor space. The design of the restaurant is [&hellip;]<\/p>\n","protected":false},"author":1,"featured_media":0,"parent":0,"menu_order":0,"comment_status":"closed","ping_status":"closed","template":"tpl-default-elementor.php","meta":{"_monsterinsights_skip_tracking":false,"_monsterinsights_sitenote_active":false,"_monsterinsights_sitenote_note":"","_monsterinsights_sitenote_category":0,"footnotes":""},"class_list":["post-591","page","type-page","status-publish","hentry"],"_links":{"self":[{"href":"https:\/\/fole.com.al\/sq\/wp-json\/wp\/v2\/pages\/591","targetHints":{"allow":["GET"]}}],"collection":[{"href":"https:\/\/fole.com.al\/sq\/wp-json\/wp\/v2\/pages"}],"about":[{"href":"https:\/\/fole.com.al\/sq\/wp-json\/wp\/v2\/types\/page"}],"author":[{"embeddable":true,"href":"https:\/\/fole.com.al\/sq\/wp-json\/wp\/v2\/users\/1"}],"replies":[{"embeddable":true,"href":"https:\/\/fole.com.al\/sq\/wp-json\/wp\/v2\/comments?post=591"}],"version-history":[{"count":38,"href":"https:\/\/fole.com.al\/sq\/wp-json\/wp\/v2\/pages\/591\/revisions"}],"predecessor-version":[{"id":4005,"href":"https:\/\/fole.com.al\/sq\/wp-json\/wp\/v2\/pages\/591\/revisions\/4005"}],"wp:attachment":[{"href":"https:\/\/fole.com.al\/sq\/wp-json\/wp\/v2\/media?parent=591"}],"curies":[{"name":"wp","href":"https:\/\/api.w.org\/{rel}","templated":true}]}}