{"id":2840,"date":"2023-01-29T09:39:27","date_gmt":"2023-01-29T09:39:27","guid":{"rendered":"http:\/\/localhost\/fole\/?page_id=2840"},"modified":"2023-04-26T18:36:01","modified_gmt":"2023-04-26T18:36:01","slug":"palestra","status":"publish","type":"page","link":"https:\/\/fole.com.al\/sq\/palestra\/","title":{"rendered":"Palestra"},"content":{"rendered":"<div data-elementor-type=\"wp-page\" data-elementor-id=\"2840\" class=\"elementor elementor-2840\">\n\t\t\t\t\t\t<section class=\"elementor-section elementor-top-section elementor-element elementor-element-e2ce78e elementor-section-stretched elementor-section-full_width elementor-section-height-default elementor-section-height-default\" data-id=\"e2ce78e\" data-element_type=\"section\" data-e-type=\"section\" data-settings=\"{&quot;stretch_section&quot;:&quot;section-stretched&quot;}\">\n\t\t\t\t\t\t<div class=\"elementor-container elementor-column-gap-no\">\n\t\t\t\t\t<div class=\"elementor-column elementor-col-100 elementor-top-column elementor-element elementor-element-0678de6\" data-id=\"0678de6\" data-element_type=\"column\" data-e-type=\"column\">\n\t\t\t<div class=\"elementor-widget-wrap elementor-element-populated\">\n\t\t\t\t\t\t<div class=\"elementor-element elementor-element-d93ef77 elementor-widget elementor-widget-spacer\" data-id=\"d93ef77\" data-element_type=\"widget\" data-e-type=\"widget\" data-widget_type=\"spacer.default\">\n\t\t\t\t<div class=\"elementor-widget-container\">\n\t\t\t\t\t\t\t<div class=\"elementor-spacer\">\n\t\t\t<div class=\"elementor-spacer-inner\"><\/div>\n\t\t<\/div>\n\t\t\t\t\t\t<\/div>\n\t\t\t\t<\/div>\n\t\t\t\t<div class=\"elementor-element elementor-element-df34927 elementor-widget elementor-widget-apartio_amenities_title\" data-id=\"df34927\" data-element_type=\"widget\" data-e-type=\"widget\" data-widget_type=\"apartio_amenities_title.default\">\n\t\t\t\t<div class=\"elementor-widget-container\">\n\t\t\t\t\t        \n\t\t<!--Start amenities Style1 Area-->\n\t\t<section class=\"one amenities-style1-area\">\n\t\t\t<div class=\"container\">\n\t\t\t\t<div class=\"sec-title text-center\">\n\t\t\t\t\t<div class=\"title-icon\">\n\t\t\t\t\t\t<span class=\"icon-design\"><\/span>\n\t\t\t\t\t<\/div>\n\t\t\t\t\t<div class=\"sub-title\">\n\t\t\t\t\t\t<h4>Rezidenca Fol\u00e8<\/h4>\n\t\t\t\t\t<\/div>\n\t\t\t\t\t<h2>Palestra<\/h2>\n\t\t\t\t<\/div>\n\t\t\t<\/div>\n\t\t<\/section>\n\t\t<!--End amenities Style1 Area-->\n             \n\t\t\t\t\t\t<\/div>\n\t\t\t\t<\/div>\n\t\t\t\t\t<\/div>\n\t\t<\/div>\n\t\t\t\t\t<\/div>\n\t\t<\/section>\n\t\t\t\t<section class=\"elementor-section elementor-top-section elementor-element elementor-element-83e5145 elementor-section-boxed elementor-section-height-default elementor-section-height-default\" data-id=\"83e5145\" data-element_type=\"section\" data-e-type=\"section\">\n\t\t\t\t\t\t<div class=\"elementor-container elementor-column-gap-no\">\n\t\t\t\t\t<div class=\"elementor-column elementor-col-33 elementor-top-column elementor-element elementor-element-5606f74\" data-id=\"5606f74\" data-element_type=\"column\" data-e-type=\"column\">\n\t\t\t<div class=\"elementor-widget-wrap elementor-element-populated\">\n\t\t\t\t\t\t<div class=\"elementor-element elementor-element-29b121f elementor-widget elementor-widget-apartio_amenities_block1\" data-id=\"29b121f\" data-element_type=\"widget\" data-e-type=\"widget\" data-widget_type=\"apartio_amenities_block1.default\">\n\t\t\t\t<div class=\"elementor-widget-container\">\n\t\t\t\t\t        \n\t\t<!--Start amenities Style1 Area-->\n\t\t<section class=\"amenities-style1-area\">\n\t\t\t<div class=\"container\">\n\t\t\t\t<div class=\"row\">\n\t\t\t\t\t<!--Start Single Amenities Box-->\n\t\t\t\t\t<div class=\"col-xl-12\">\n\t\t\t\t\t\t<div class=\"single-amenities-box one\">\n\t\t\t\t\t\t\t<div class=\"text-box order-box-2\">\n\t\t\t\t\t\t\t\t<h3><\/h3>\n\t\t\t\t\t\t\t\t<p>Me nj\u00eb sip\u00ebrfaqe prej 900 m2, nj\u00eb arredim modern, Palestra e Folese kthehet n\u00eb hap\u00ebsir\u00ebn m\u00eb relaksuese p\u00ebr or\u00ebn tuaj t\u00eb aktivitetit sportiv. T\u00eb gjitha pajisjet jan\u00eb t\u00eb teknologjis\u00eb s\u00eb fundit, marka Panatta dhe t\u00eb \u00e7ertifikuara sipas standarteve t\u00eb BE.<\/p>    \n\t\t\t\t\t\t\t<\/div>\n\t\t\t\t\t\t\t\t\t\t\t\t\t\t<div class=\"image-box order-box-1\">\n\t\t\t\t\t\t\t\t<img decoding=\"async\" src=\"https:\/\/fole.com.al\/wp-content\/uploads\/2023\/01\/selectorized-precision-scaled-446x455-1.jpg\" alt=\"\">\n\t\t\t\t\t\t\t\t\t\t\t\t\t\t\t<\/div>   \n\t\t\t\t\t\t<\/div>\n\t\t\t\t\t<\/div>\n\t\t\t\t<\/div>\n\t\t\t<\/div>\n\t\t<\/section>\n\t\t<!--End amenities Style1 Area-->\n             \n\t\t\t\t\t\t<\/div>\n\t\t\t\t<\/div>\n\t\t\t\t\t<\/div>\n\t\t<\/div>\n\t\t\t\t<div class=\"elementor-column elementor-col-33 elementor-top-column elementor-element elementor-element-4008ee7\" data-id=\"4008ee7\" data-element_type=\"column\" data-e-type=\"column\">\n\t\t\t<div class=\"elementor-widget-wrap elementor-element-populated\">\n\t\t\t\t\t\t<div class=\"elementor-element elementor-element-c5771b5 elementor-widget elementor-widget-apartio_amenities_block2\" data-id=\"c5771b5\" data-element_type=\"widget\" data-e-type=\"widget\" data-widget_type=\"apartio_amenities_block2.default\">\n\t\t\t\t<div class=\"elementor-widget-container\">\n\t\t\t\t\t        \n\t\t<!--Start amenities Style1 Area-->\n\t\t<section class=\"amenities-style1-area\">\n\t\t\t<div class=\"container\">\n\t\t\t\t<div class=\"row\">\n\t\t\t\t\t<!--Start Single Amenities Box-->\n\t\t\t\t\t<div class=\"col-xl-12\">\n\t\t\t\t\t\t<div class=\"single-amenities-box style2 two\">\n\t\t\t\t\t\t\t\t\t\t\t\t\t\t<div class=\"image-box order-box-2\">\n\t\t\t\t\t\t\t\t<img decoding=\"async\" src=\"https:\/\/fole.com.al\/wp-content\/uploads\/2023\/01\/gym-equipment-1280.webp\" alt=\"\">\n\t\t\t\t\t\t\t\t\t\t\t\t\t\t\t<\/div>  \n\t\t\t\t\t\t\t<div class=\"text-box order-box-1\">\n\t\t\t\t\t\t\t\t<h3><\/h3>\n\t\t\t\t\t\t\t\t<p>P\u00ebr ne \u00ebsht\u00eb shum\u00eb e r\u00ebnd\u00ebsishme siguria e studenteve dhe klient\u00ebve tan\u00eb, k\u00ebshtu q\u00eb kemi p\u00ebrdorur parket me vinil dhe goma n\u00eb p\u00ebrputhje me k\u00ebrkesat e BE, p\u00ebr ruajtjen e sh\u00ebndetit dhe mbrojtjen nga zjarri.<\/p>      \n\t\t\t\t\t\t\t<\/div>  \n\t\t\t\t\t\t<\/div>\n\t\t\t\t\t<\/div>\n\t\t\t\t<\/div>\n\t\t\t<\/div>\n\t\t<\/section>\n\t\t<!--End amenities Style1 Area-->\n             \n\t\t\t\t\t\t<\/div>\n\t\t\t\t<\/div>\n\t\t\t\t\t<\/div>\n\t\t<\/div>\n\t\t\t\t<div class=\"elementor-column elementor-col-33 elementor-top-column elementor-element elementor-element-6c4299d\" data-id=\"6c4299d\" data-element_type=\"column\" data-e-type=\"column\">\n\t\t\t<div class=\"elementor-widget-wrap elementor-element-populated\">\n\t\t\t\t\t\t<div class=\"elementor-element elementor-element-46c8c9d elementor-widget elementor-widget-apartio_amenities_block1\" data-id=\"46c8c9d\" data-element_type=\"widget\" data-e-type=\"widget\" data-widget_type=\"apartio_amenities_block1.default\">\n\t\t\t\t<div class=\"elementor-widget-container\">\n\t\t\t\t\t        \n\t\t<!--Start amenities Style1 Area-->\n\t\t<section class=\"amenities-style1-area\">\n\t\t\t<div class=\"container\">\n\t\t\t\t<div class=\"row\">\n\t\t\t\t\t<!--Start Single Amenities Box-->\n\t\t\t\t\t<div class=\"col-xl-12\">\n\t\t\t\t\t\t<div class=\"single-amenities-box one\">\n\t\t\t\t\t\t\t<div class=\"text-box order-box-2\">\n\t\t\t\t\t\t\t\t<h3><\/h3>\n\t\t\t\t\t\t\t\t<p>Gjithashtu palestra ka brenda ambjenteve t\u00eb saj dy dhoma zhveshje me kapacitet minimalisht 100 persona secila, 250 m2 ambjent me klase te dedikuar aerobi, zumba etj,100 m2 ambjent me pista vrapimi dhe bicikleta, 450 m2 ambjent me te gjitha pajisjet e palestres.<\/p>    \n\t\t\t\t\t\t\t<\/div>\n\t\t\t\t\t\t\t\t\t\t\t\t\t\t<div class=\"image-box order-box-1\">\n\t\t\t\t\t\t\t\t<img decoding=\"async\" src=\"https:\/\/fole.com.al\/wp-content\/uploads\/2023\/01\/photo-1576678927484-cc907957088c.jpeg\" alt=\"\">\n\t\t\t\t\t\t\t\t\t\t\t\t\t\t\t<\/div>   \n\t\t\t\t\t\t<\/div>\n\t\t\t\t\t<\/div>\n\t\t\t\t<\/div>\n\t\t\t<\/div>\n\t\t<\/section>\n\t\t<!--End amenities Style1 Area-->\n             \n\t\t\t\t\t\t<\/div>\n\t\t\t\t<\/div>\n\t\t\t\t\t<\/div>\n\t\t<\/div>\n\t\t\t\t\t<\/div>\n\t\t<\/section>\n\t\t\t\t<\/div>","protected":false},"excerpt":{"rendered":"<p>Fol\u00e8 Rezidence GYM With an area of 900 m2, a modern furnishing, the Fole's Gym turns into the most relaxing space for your hour of sports activity. All equipment is state-of-the-art, Panatta brand and certified according to EU standards. The safety of our students and customers is very important to us, so we have used [&hellip;]<\/p>\n","protected":false},"author":1,"featured_media":0,"parent":0,"menu_order":0,"comment_status":"closed","ping_status":"closed","template":"tpl-default-elementor.php","meta":{"_monsterinsights_skip_tracking":false,"_monsterinsights_sitenote_active":false,"_monsterinsights_sitenote_note":"","_monsterinsights_sitenote_category":0,"footnotes":""},"class_list":["post-2840","page","type-page","status-publish","hentry"],"_links":{"self":[{"href":"https:\/\/fole.com.al\/sq\/wp-json\/wp\/v2\/pages\/2840","targetHints":{"allow":["GET"]}}],"collection":[{"href":"https:\/\/fole.com.al\/sq\/wp-json\/wp\/v2\/pages"}],"about":[{"href":"https:\/\/fole.com.al\/sq\/wp-json\/wp\/v2\/types\/page"}],"author":[{"embeddable":true,"href":"https:\/\/fole.com.al\/sq\/wp-json\/wp\/v2\/users\/1"}],"replies":[{"embeddable":true,"href":"https:\/\/fole.com.al\/sq\/wp-json\/wp\/v2\/comments?post=2840"}],"version-history":[{"count":12,"href":"https:\/\/fole.com.al\/sq\/wp-json\/wp\/v2\/pages\/2840\/revisions"}],"predecessor-version":[{"id":3900,"href":"https:\/\/fole.com.al\/sq\/wp-json\/wp\/v2\/pages\/2840\/revisions\/3900"}],"wp:attachment":[{"href":"https:\/\/fole.com.al\/sq\/wp-json\/wp\/v2\/media?parent=2840"}],"curies":[{"name":"wp","href":"https:\/\/api.w.org\/{rel}","templated":true}]}}