{"id":2695,"date":"2023-01-28T20:41:07","date_gmt":"2023-01-28T20:41:07","guid":{"rendered":"http:\/\/localhost\/fole\/?page_id=2695"},"modified":"2025-06-05T02:06:07","modified_gmt":"2025-06-05T02:06:07","slug":"ap21-2-2-2","status":"publish","type":"page","link":"https:\/\/fole.com.al\/sq\/ap21-2-2-2\/","title":{"rendered":"One Bedroom Apartment"},"content":{"rendered":"<div data-elementor-type=\"wp-page\" data-elementor-id=\"2695\" class=\"elementor elementor-2695\">\n\t\t\t\t\t\t<section class=\"elementor-section elementor-top-section elementor-element elementor-element-48124f9e elementor-section-stretched elementor-section-full_width elementor-section-height-default elementor-section-height-default\" data-id=\"48124f9e\" data-element_type=\"section\" data-e-type=\"section\" data-settings=\"{&quot;stretch_section&quot;:&quot;section-stretched&quot;}\">\n\t\t\t\t\t\t<div class=\"elementor-container elementor-column-gap-no\">\n\t\t\t\t\t<div class=\"elementor-column elementor-col-100 elementor-top-column elementor-element elementor-element-168ff5fe\" data-id=\"168ff5fe\" data-element_type=\"column\" data-e-type=\"column\">\n\t\t\t<div class=\"elementor-widget-wrap elementor-element-populated\">\n\t\t\t\t\t\t<div class=\"elementor-element elementor-element-3c212561 elementor-widget elementor-widget-apartio_apartments_details2\" data-id=\"3c212561\" data-element_type=\"widget\" data-e-type=\"widget\" data-widget_type=\"apartio_apartments_details2.default\">\n\t\t\t\t<div class=\"elementor-widget-container\">\n\t\t\t\t\t        \n\t\t<!--Start Apartments Details Two-->\n\t\t<section class=\"apartments-details-two\">\n\t\t\t<div class=\"container\">\n\t\t\t\t<div class=\"row\">\n\t\t\t\t\t<div class=\"col-xl-12\">\n\t\t\t\t\t\t<div class=\"apartments-details-two-content\">\n\t\t\t\t\t\t\t<div class=\"apartments-details-text-box-two\">\n\t\t\t\t\t\t\t\t\t\t\t\t\t\t\t\t<div class=\"sec-title style3\">\n\t\t\t\t\t\t\t\t\t<div class=\"title-icon\">\n\t\t\t\t\t\t\t\t\t\t<span class=\"icon-design\"><\/span>\n\t\t\t\t\t\t\t\t\t<\/div>\n\t\t\t\t\t\t\t\t\t<h2>One Bedroom Apartment<\/h2>\n\t\t\t\t\t\t\t\t\t<h3><\/h3>\n\t\t\t\t\t\t\t\t<\/div>\n\t\t\t\t\t\t\t    \t\t\t\t\t\t\t\t<div class=\"inner-content\">\n\t\t\t\t\t\t\t\t\t<div class=\"text\">\n\t\t\t\t\t\t\t\t\t\t<div class=\"top-text\">\n\t\t\t\t\t\t\t\t\t\t\t<p>Apartament i kompletuar, me nj\u00eb sip\u00ebrfaqe t\u00eb bollshme, t\u00eb\nshfryt\u00ebzuar n\u00eb m\u00ebnyr\u00eb funksionale 100% dhe organizim mjaft\nt\u00eb mir\u00eb, q\u00eb mund\u00ebson bashk\u00ebjetes\u00ebn e dy personave. <\/p> \n\t\t\t\t\t\t\t\t\t\t<\/div>\n\t\t\t\t\t\t\t\t\t\t<p><\/p>\n\t\t\t\t\t\t\t\t\t<\/div>\n\t\t\t\t\t\t\t\t\t<ul>\n\t\t\t\t\t\t\t\t\t\t\t\t\t\t\t\t\t\t\t\t<li><\/li>\n\t\t\t\t\t\t\t\t\t\t\t\t\t\t\t\t\t\t\t<\/ul>\n\t\t\t\t\t\t\t\t\t<div class=\"bottom-text\">\n\t\t\t\t\t\t\t\t\t\t<p><\/p>\n\t\t\t\t\t\t\t\t\t<\/div>\n\t\t\t\t\t\t\t\t<\/div>\n\t\t\t\t\t\t\t\t \n\t\t\t\t\t\t\t\t<div class=\"facilities-content-box\">\n\t\t\t\t\t\t\t\t\t<div class=\"row\">\n\t\t\t\t\t\t\t\t\t\t\t\t\t\t\t\t\t\t\t\t<!--Start Single Facilities Box-->\n\t\t\t\t\t\t\t\t\t\t<div class=\"col-xl-4 col-lg-6\">\n\t\t\t\t\t\t\t\t\t\t\t<div class=\"single-facilities-box\">\n\t\t\t\t\t\t\t\t\t\t\t\t<div class=\"icon\">\n\t\t\t\t\t\t\t\t\t\t\t\t\t<span class=\"icon-icon23 thm_clr1\"><\/span>\n\t\t\t\t\t\t\t\t\t\t\t\t<\/div>\n\t\t\t\t\t\t\t\t\t\t\t\t<div class=\"title\">\n\t\t\t\t\t\t\t\t\t\t\t\t\t<h3><a href=\"\">Sip\u00ebrfaqja<\/a><\/h3>\n\t\t\t\t\t\t\t\t\t\t\t\t\t<p>40 m\u00b2<\/p>\n\t\t\t\t\t\t\t\t\t\t\t\t<\/div>\n\t\t\t\t\t\t\t\t\t\t\t<\/div>    \n\t\t\t\t\t\t\t\t\t\t<\/div>\n\t\t\t\t\t\t\t\t\t\t<!--End Single Facilities Box-->\n\t\t\t\t\t\t\t\t\t\t\t\t\t\t\t\t\t\t\t\t<!--Start Single Facilities Box-->\n\t\t\t\t\t\t\t\t\t\t<div class=\"col-xl-4 col-lg-6\">\n\t\t\t\t\t\t\t\t\t\t\t<div class=\"single-facilities-box\">\n\t\t\t\t\t\t\t\t\t\t\t\t<div class=\"icon\">\n\t\t\t\t\t\t\t\t\t\t\t\t\t<span class=\"icon-icon2 thm_clr1\"><\/span>\n\t\t\t\t\t\t\t\t\t\t\t\t<\/div>\n\t\t\t\t\t\t\t\t\t\t\t\t<div class=\"title\">\n\t\t\t\t\t\t\t\t\t\t\t\t\t<h3><a href=\"\">Krevate<\/a><\/h3>\n\t\t\t\t\t\t\t\t\t\t\t\t\t<p>2<\/p>\n\t\t\t\t\t\t\t\t\t\t\t\t<\/div>\n\t\t\t\t\t\t\t\t\t\t\t<\/div>    \n\t\t\t\t\t\t\t\t\t\t<\/div>\n\t\t\t\t\t\t\t\t\t\t<!--End Single Facilities Box-->\n\t\t\t\t\t\t\t\t\t\t\t\t\t\t\t\t\t\t\t\t<!--Start Single Facilities Box-->\n\t\t\t\t\t\t\t\t\t\t<div class=\"col-xl-4 col-lg-6\">\n\t\t\t\t\t\t\t\t\t\t\t<div class=\"single-facilities-box\">\n\t\t\t\t\t\t\t\t\t\t\t\t<div class=\"icon\">\n\t\t\t\t\t\t\t\t\t\t\t\t\t<span class=\"icon-icon43 thm_clr1\"><\/span>\n\t\t\t\t\t\t\t\t\t\t\t\t<\/div>\n\t\t\t\t\t\t\t\t\t\t\t\t<div class=\"title\">\n\t\t\t\t\t\t\t\t\t\t\t\t\t<h3><a href=\"\">Kuzhin\u00eb<\/a><\/h3>\n\t\t\t\t\t\t\t\t\t\t\t\t\t<p>E kompletuar me pianur\u00eb dhe frigorifer<\/p>\n\t\t\t\t\t\t\t\t\t\t\t\t<\/div>\n\t\t\t\t\t\t\t\t\t\t\t<\/div>    \n\t\t\t\t\t\t\t\t\t\t<\/div>\n\t\t\t\t\t\t\t\t\t\t<!--End Single Facilities Box-->\n\t\t\t\t\t\t\t\t\t\t\t\t\t\t\t\t\t\t\t\t<!--Start Single Facilities Box-->\n\t\t\t\t\t\t\t\t\t\t<div class=\"col-xl-4 col-lg-6\">\n\t\t\t\t\t\t\t\t\t\t\t<div class=\"single-facilities-box\">\n\t\t\t\t\t\t\t\t\t\t\t\t<div class=\"icon\">\n\t\t\t\t\t\t\t\t\t\t\t\t\t<span class=\"icon-icon31 thm_clr1\"><\/span>\n\t\t\t\t\t\t\t\t\t\t\t\t<\/div>\n\t\t\t\t\t\t\t\t\t\t\t\t<div class=\"title\">\n\t\t\t\t\t\t\t\t\t\t\t\t\t<h3><a href=\"\">Dollap\u00eb<\/a><\/h3>\n\t\t\t\t\t\t\t\t\t\t\t\t\t<p>2<\/p>\n\t\t\t\t\t\t\t\t\t\t\t\t<\/div>\n\t\t\t\t\t\t\t\t\t\t\t<\/div>    \n\t\t\t\t\t\t\t\t\t\t<\/div>\n\t\t\t\t\t\t\t\t\t\t<!--End Single Facilities Box-->\n\t\t\t\t\t\t\t\t\t\t\t\t\t\t\t\t\t\t\t\t<!--Start Single Facilities Box-->\n\t\t\t\t\t\t\t\t\t\t<div class=\"col-xl-4 col-lg-6\">\n\t\t\t\t\t\t\t\t\t\t\t<div class=\"single-facilities-box\">\n\t\t\t\t\t\t\t\t\t\t\t\t<div class=\"icon\">\n\t\t\t\t\t\t\t\t\t\t\t\t\t<span class=\"icon-icon42 thm_clr1\"><\/span>\n\t\t\t\t\t\t\t\t\t\t\t\t<\/div>\n\t\t\t\t\t\t\t\t\t\t\t\t<div class=\"title\">\n\t\t\t\t\t\t\t\t\t\t\t\t\t<h3><a href=\"\">Tavolina studimi<\/a><\/h3>\n\t\t\t\t\t\t\t\t\t\t\t\t\t<p>2<\/p>\n\t\t\t\t\t\t\t\t\t\t\t\t<\/div>\n\t\t\t\t\t\t\t\t\t\t\t<\/div>    \n\t\t\t\t\t\t\t\t\t\t<\/div>\n\t\t\t\t\t\t\t\t\t\t<!--End Single Facilities Box-->\n\t\t\t\t\t\t\t\t\t\t\t\t\t\t\t\t\t\t\t\t<!--Start Single Facilities Box-->\n\t\t\t\t\t\t\t\t\t\t<div class=\"col-xl-4 col-lg-6\">\n\t\t\t\t\t\t\t\t\t\t\t<div class=\"single-facilities-box\">\n\t\t\t\t\t\t\t\t\t\t\t\t<div class=\"icon\">\n\t\t\t\t\t\t\t\t\t\t\t\t\t<span class=\"icon-icon40 thm_clr1\"><\/span>\n\t\t\t\t\t\t\t\t\t\t\t\t<\/div>\n\t\t\t\t\t\t\t\t\t\t\t\t<div class=\"title\">\n\t\t\t\t\t\t\t\t\t\t\t\t\t<h3><a href=\"#\">Tualet<\/a><\/h3>\n\t\t\t\t\t\t\t\t\t\t\t\t\t<p><\/p>\n\t\t\t\t\t\t\t\t\t\t\t\t<\/div>\n\t\t\t\t\t\t\t\t\t\t\t<\/div>    \n\t\t\t\t\t\t\t\t\t\t<\/div>\n\t\t\t\t\t\t\t\t\t\t<!--End Single Facilities Box-->\n\t\t\t\t\t\t\t\t\t\t\t\t\t\t\t\t\t\t\t\t<!--Start Single Facilities Box-->\n\t\t\t\t\t\t\t\t\t\t<div class=\"col-xl-4 col-lg-6\">\n\t\t\t\t\t\t\t\t\t\t\t<div class=\"single-facilities-box\">\n\t\t\t\t\t\t\t\t\t\t\t\t<div class=\"icon\">\n\t\t\t\t\t\t\t\t\t\t\t\t\t<span class=\"fas fa-wifi thm_clr1\"><\/span>\n\t\t\t\t\t\t\t\t\t\t\t\t<\/div>\n\t\t\t\t\t\t\t\t\t\t\t\t<div class=\"title\">\n\t\t\t\t\t\t\t\t\t\t\t\t\t<h3><a href=\"\">Wi-Fi<\/a><\/h3>\n\t\t\t\t\t\t\t\t\t\t\t\t\t<p><\/p>\n\t\t\t\t\t\t\t\t\t\t\t\t<\/div>\n\t\t\t\t\t\t\t\t\t\t\t<\/div>    \n\t\t\t\t\t\t\t\t\t\t<\/div>\n\t\t\t\t\t\t\t\t\t\t<!--End Single Facilities Box-->\n\t\t\t\t\t\t\t\t\t\t\t\t\t\t\t\t\t\t\t<\/div>\n\t\t\t\t\t\t\t\t<\/div> \n\t\t\t\t\t\t\t\t  \n\t\t\t\t\t\t\t<\/div>\n\t\t\t\t\t\t\t\n\t\t\t\t\t\t<\/div>    \n\t\t\t\t\t<\/div>\n\t\t\t\t<\/div>\n\t\t\t<\/div>\n\t\t<\/section>\n\t\t<!--End Apartments Details Two-->\n             \n\t\t\t\t\t\t<\/div>\n\t\t\t\t<\/div>\n\t\t\t\t\t<\/div>\n\t\t<\/div>\n\t\t\t\t\t<\/div>\n\t\t<\/section>\n\t\t\t\t<section class=\"elementor-section elementor-top-section elementor-element elementor-element-3311399 elementor-section-boxed elementor-section-height-default elementor-section-height-default\" data-id=\"3311399\" data-element_type=\"section\" data-e-type=\"section\">\n\t\t\t\t\t\t<div class=\"elementor-container elementor-column-gap-default\">\n\t\t\t\t\t<div class=\"elementor-column elementor-col-100 elementor-top-column elementor-element elementor-element-bf1faa0\" data-id=\"bf1faa0\" data-element_type=\"column\" data-e-type=\"column\">\n\t\t\t<div class=\"elementor-widget-wrap elementor-element-populated\">\n\t\t\t\t\t\t<div class=\"elementor-element elementor-element-518b1de elementor-widget elementor-widget-shortcode\" data-id=\"518b1de\" data-element_type=\"widget\" data-e-type=\"widget\" data-widget_type=\"shortcode.default\">\n\t\t\t\t<div class=\"elementor-widget-container\">\n\t\t\t\t\t\t\t<div class=\"elementor-shortcode\"><!-- Final Tiles Grid Gallery for WordPress v3.6.13 free --><style>#ftg-22 .tile .icon { color:#ffffff; }#ftg-22 .ftg-items .loading-bar i { background:#666; }#ftg-22 .ftg-items .loading-bar { background:#fff; }#ftg-22 .tile .icon { font-size:12px; }#ftg-22 .tile .icon { margin: -6px 0 0 -6px; }#ftg-22 .tile .caption-block .text-wrapper span.text { font-size:12px; }#ftg-22 .tile .caption-outside .text-wrapper span.text { font-size:12px; }#ftg-22 .tile .caption-block .text-wrapper span.title { font-size:14px; }#ftg-22 .tile .caption-outside .text-wrapper span.title { font-size:14px; }#ftg-22 .tile { background-color: transparent; }#ftg-22 .tile .caption-block .text-wrapper span.text { color: #ffffff; }#ftg-22 .tile .caption-block .text-wrapper span.title { color: #ffffff; }#ftg-22 .tile .caption-outside .text-wrapper span.text { color: #ffffff; }#ftg-22 .tile .caption-outside .text-wrapper span.title { color: #ffffff; }#ftg-22 .tile .ftg-social a { color: #ffffff; }#ftg-22 .tile .caption-block { transition-duration:0.25s; }#ftg-22 .tile .tile-inner:before { background-color: #000000; }#ftg-22 .tile .tile-inner:before { background-color: rgba(0, 0, 0, 0.8); }#ftg-22 .tile:hover img {-moz-transform: -moz-rotate(0deg) -moz-scale(0) ;-webkit-transform: -webkit-rotate(0deg) -webkit-scale(0) ;-o-transform: -o-rotate(0deg) -o-scale(0) ;-ms-transform: -ms-rotate(0deg) -ms-scale(0) ;transform: rotate(0deg) scale(0) ;}<\/style><a name=\"2\"><\/a><div class=\"final-tiles-gallery  ftg-hover-enabled caption-inside  caption-none caption-middle caption-center\" id=\"ftg-22\" style=\"width: 100%\"><div class='ftg-items'><div class='loading-bar'><i><\/i><\/div><div  class='tile ftg-preload'><a title=\"\" data-lightbox='ftg-22' rel='ftg-22'  class='tile-inner  ftg-lightbox' href='https:\/\/fole.com.al\/wp-content\/uploads\/2023\/01\/MG_2198-683x1024.jpg' ><img alt='' class='item skip-lazy' data-class='item' data-ftg-source='https:\/\/fole.com.al\/wp-content\/uploads\/2023\/01\/MG_2198-683x1024.jpg' src='https:\/\/fole.com.al\/wp-content\/uploads\/2023\/01\/MG_2198-683x1024.jpg' width='525' height='787' \/><\/a><div class='ftg-social'><\/div><\/div><div  class='tile ftg-preload'><a title=\"\" data-lightbox='ftg-22' rel='ftg-22'  class='tile-inner  ftg-lightbox' href='https:\/\/fole.com.al\/wp-content\/uploads\/2023\/01\/3-1024x683.jpg' ><img alt='' class='item skip-lazy' data-class='item' data-ftg-source='https:\/\/fole.com.al\/wp-content\/uploads\/2023\/01\/3-1024x683.jpg' src='https:\/\/fole.com.al\/wp-content\/uploads\/2023\/01\/3-1024x683.jpg' width='525' height='350' \/><\/a><div class='ftg-social'><\/div><\/div><div  class='tile ftg-preload'><a title=\"\" data-lightbox='ftg-22' rel='ftg-22'  class='tile-inner  ftg-lightbox' href='https:\/\/fole.com.al\/wp-content\/uploads\/2023\/01\/15-1024x683.jpg' ><img alt='' class='item skip-lazy' data-class='item' data-ftg-source='https:\/\/fole.com.al\/wp-content\/uploads\/2023\/01\/15-1024x683.jpg' src='https:\/\/fole.com.al\/wp-content\/uploads\/2023\/01\/15-1024x683.jpg' width='525' height='350' \/><\/a><div class='ftg-social'><\/div><\/div><div  class='tile ftg-preload'><a title=\"\" data-lightbox='ftg-22' rel='ftg-22'  class='tile-inner  ftg-lightbox' href='https:\/\/fole.com.al\/wp-content\/uploads\/2023\/01\/MG_2070-1024x683.jpg' ><img alt='' class='item skip-lazy' data-class='item' data-ftg-source='https:\/\/fole.com.al\/wp-content\/uploads\/2023\/01\/MG_2070-1024x683.jpg' src='https:\/\/fole.com.al\/wp-content\/uploads\/2023\/01\/MG_2070-1024x683.jpg' width='525' height='350' \/><\/a><div class='ftg-social'><\/div><\/div><div  class='tile ftg-preload'><a title=\"\" data-lightbox='ftg-22' rel='ftg-22'  class='tile-inner  ftg-lightbox' href='https:\/\/fole.com.al\/wp-content\/uploads\/2023\/01\/MG_2177-683x1024.jpg' ><img alt='' class='item skip-lazy' data-class='item' data-ftg-source='https:\/\/fole.com.al\/wp-content\/uploads\/2023\/01\/MG_2177-683x1024.jpg' src='https:\/\/fole.com.al\/wp-content\/uploads\/2023\/01\/MG_2177-683x1024.jpg' width='525' height='787' \/><\/a><div class='ftg-social'><\/div><\/div><div  class='tile ftg-preload'><a title=\"\" data-lightbox='ftg-22' rel='ftg-22'  class='tile-inner  ftg-lightbox' href='https:\/\/fole.com.al\/wp-content\/uploads\/2023\/01\/MG_2179-683x1024.jpg' ><img alt='' class='item skip-lazy' data-class='item' data-ftg-source='https:\/\/fole.com.al\/wp-content\/uploads\/2023\/01\/MG_2179-683x1024.jpg' src='https:\/\/fole.com.al\/wp-content\/uploads\/2023\/01\/MG_2179-683x1024.jpg' width='525' height='787' \/><\/a><div class='ftg-social'><\/div><\/div><div  class='tile ftg-preload'><a title=\"\" data-lightbox='ftg-22' rel='ftg-22'  class='tile-inner  ftg-lightbox' href='https:\/\/fole.com.al\/wp-content\/uploads\/2023\/01\/MG_2158-1024x683.jpg' ><img alt='' class='item skip-lazy' data-class='item' data-ftg-source='https:\/\/fole.com.al\/wp-content\/uploads\/2023\/01\/MG_2158-1024x683.jpg' src='https:\/\/fole.com.al\/wp-content\/uploads\/2023\/01\/MG_2158-1024x683.jpg' width='525' height='350' \/><\/a><div class='ftg-social'><\/div><\/div><\/div><\/div><\/div>\n\t\t\t\t\t\t<\/div>\n\t\t\t\t<\/div>\n\t\t\t\t\t<\/div>\n\t\t<\/div>\n\t\t\t\t\t<\/div>\n\t\t<\/section>\n\t\t\t\t<section class=\"elementor-section elementor-top-section elementor-element elementor-element-5b1fb58 elementor-section-boxed elementor-section-height-default elementor-section-height-default\" data-id=\"5b1fb58\" data-element_type=\"section\" data-e-type=\"section\">\n\t\t\t\t\t\t<div class=\"elementor-container elementor-column-gap-default\">\n\t\t\t\t\t<div class=\"elementor-column elementor-col-100 elementor-top-column elementor-element elementor-element-0427a6a\" data-id=\"0427a6a\" data-element_type=\"column\" data-e-type=\"column\">\n\t\t\t<div class=\"elementor-widget-wrap elementor-element-populated\">\n\t\t\t\t\t\t<div class=\"elementor-element elementor-element-c278f2a elementor-widget-divider--view-line elementor-widget elementor-widget-divider\" data-id=\"c278f2a\" data-element_type=\"widget\" data-e-type=\"widget\" data-widget_type=\"divider.default\">\n\t\t\t\t<div class=\"elementor-widget-container\">\n\t\t\t\t\t\t\t<div class=\"elementor-divider\">\n\t\t\t<span class=\"elementor-divider-separator\">\n\t\t\t\t\t\t<\/span>\n\t\t<\/div>\n\t\t\t\t\t\t<\/div>\n\t\t\t\t<\/div>\n\t\t\t\t\t<\/div>\n\t\t<\/div>\n\t\t\t\t\t<\/div>\n\t\t<\/section>\n\t\t\t\t<section class=\"elementor-section elementor-top-section elementor-element elementor-element-9e92706 elementor-section-boxed elementor-section-height-default elementor-section-height-default\" data-id=\"9e92706\" data-element_type=\"section\" data-e-type=\"section\">\n\t\t\t\t\t\t<div class=\"elementor-container elementor-column-gap-default\">\n\t\t\t\t\t<div class=\"elementor-column elementor-col-100 elementor-top-column elementor-element elementor-element-fbaf297\" data-id=\"fbaf297\" data-element_type=\"column\" data-e-type=\"column\">\n\t\t\t<div class=\"elementor-widget-wrap elementor-element-populated\">\n\t\t\t\t\t\t<div class=\"elementor-element elementor-element-1f389fe elementor-widget elementor-widget-heading\" data-id=\"1f389fe\" data-element_type=\"widget\" data-e-type=\"widget\" data-widget_type=\"heading.default\">\n\t\t\t\t<div class=\"elementor-widget-container\">\n\t\t\t\t\t<h2 class=\"elementor-heading-title elementor-size-default\">B\u00ebj rezervimin t\u00ebnd tani<\/h2>\t\t\t\t<\/div>\n\t\t\t\t<\/div>\n\t\t\t\t\t<\/div>\n\t\t<\/div>\n\t\t\t\t\t<\/div>\n\t\t<\/section>\n\t\t\t\t<section class=\"elementor-section elementor-top-section elementor-element elementor-element-9e532b5 elementor-section-boxed elementor-section-height-default elementor-section-height-default\" data-id=\"9e532b5\" data-element_type=\"section\" data-e-type=\"section\">\n\t\t\t\t\t\t<div class=\"elementor-container elementor-column-gap-default\">\n\t\t\t\t\t<div class=\"elementor-column elementor-col-50 elementor-top-column elementor-element elementor-element-a7f829a\" data-id=\"a7f829a\" data-element_type=\"column\" data-e-type=\"column\">\n\t\t\t<div class=\"elementor-widget-wrap elementor-element-populated\">\n\t\t\t\t\t\t<div class=\"elementor-element elementor-element-073fc6e elementor-widget elementor-widget-image\" data-id=\"073fc6e\" data-element_type=\"widget\" data-e-type=\"widget\" data-widget_type=\"image.default\">\n\t\t\t\t<div class=\"elementor-widget-container\">\n\t\t\t\t\t\t\t\t\t\t\t\t\t\t\t<img fetchpriority=\"high\" decoding=\"async\" width=\"429\" height=\"408\" src=\"https:\/\/fole.com.al\/wp-content\/uploads\/2023\/02\/55.jpg\" class=\"attachment-large size-large wp-image-3264\" alt=\"\" srcset=\"https:\/\/fole.com.al\/wp-content\/uploads\/2023\/02\/55.jpg 429w, https:\/\/fole.com.al\/wp-content\/uploads\/2023\/02\/55-300x285.jpg 300w\" sizes=\"(max-width: 429px) 100vw, 429px\" \/>\t\t\t\t\t\t\t\t\t\t\t\t\t\t\t<\/div>\n\t\t\t\t<\/div>\n\t\t\t\t<div class=\"elementor-element elementor-element-04db637 elementor-widget elementor-widget-heading\" data-id=\"04db637\" data-element_type=\"widget\" data-e-type=\"widget\" data-widget_type=\"heading.default\">\n\t\t\t\t<div class=\"elementor-widget-container\">\n\t\t\t\t\t<h2 class=\"elementor-heading-title elementor-size-default\">Price for 2-3 Persons: 550\u20ac\/month\n<\/h2>\t\t\t\t<\/div>\n\t\t\t\t<\/div>\n\t\t\t\t\t<\/div>\n\t\t<\/div>\n\t\t\t\t<div class=\"elementor-column elementor-col-50 elementor-top-column elementor-element elementor-element-b4ebc9e\" data-id=\"b4ebc9e\" data-element_type=\"column\" data-e-type=\"column\">\n\t\t\t<div class=\"elementor-widget-wrap elementor-element-populated\">\n\t\t\t\t\t\t<div class=\"elementor-element elementor-element-34b276d elementor-widget elementor-widget-spacer\" data-id=\"34b276d\" data-element_type=\"widget\" data-e-type=\"widget\" data-widget_type=\"spacer.default\">\n\t\t\t\t<div class=\"elementor-widget-container\">\n\t\t\t\t\t\t\t<div class=\"elementor-spacer\">\n\t\t\t<div class=\"elementor-spacer-inner\"><\/div>\n\t\t<\/div>\n\t\t\t\t\t\t<\/div>\n\t\t\t\t<\/div>\n\t\t\t\t<div class=\"elementor-element elementor-element-6a89956 elementor-widget elementor-widget-shortcode\" data-id=\"6a89956\" data-element_type=\"widget\" data-e-type=\"widget\" data-widget_type=\"shortcode.default\">\n\t\t\t\t<div class=\"elementor-widget-container\">\n\t\t\t\t\t\t\t<div class=\"elementor-shortcode\"><div class=\"forminator-ui forminator-custom-form forminator-custom-form-3146 forminator-design--default  forminator_ajax\" data-forminator-render=\"0\" data-form=\"forminator-module-3146\" data-uid=\"69dcab7b90a89\"><br\/><\/div><form\n\t\t\t\tid=\"forminator-module-3146\"\n\t\t\t\tclass=\"forminator-ui forminator-custom-form forminator-custom-form-3146 forminator-design--default  forminator_ajax\"\n\t\t\t\tmethod=\"post\"\n\t\t\t\tdata-forminator-render=\"0\"\n\t\t\t\tdata-form-id=\"3146\"\n\t\t\t\t data-color-option=\"default\" data-design=\"default\" data-grid=\"open\" style=\"display: none;\"\n\t\t\t\tdata-uid=\"69dcab7b90a89\" action=\"\"\n\t\t\t><div role=\"alert\" aria-live=\"polite\" class=\"forminator-response-message forminator-error\" aria-hidden=\"true\"><\/div><div class=\"forminator-row\"><div id=\"name-1\" class=\"forminator-field-name forminator-col forminator-col-12\"><div class=\"forminator-field\"><label for=\"forminator-field-name-1_69dcab7b90a89\" id=\"forminator-field-name-1_69dcab7b90a89-label\" class=\"forminator-label\">Em\u00ebr Mbiem\u00ebr <span class=\"forminator-required\">*<\/span><\/label><input type=\"text\" name=\"name-1\" value=\"\" placeholder=\"\" id=\"forminator-field-name-1_69dcab7b90a89\" class=\"forminator-input forminator-name--field\" aria-required=\"true\" autocomplete=\"name\" \/><\/div><\/div><\/div><div class=\"forminator-row\"><div id=\"email-1\" class=\"forminator-field-email forminator-col forminator-col-12\"><div class=\"forminator-field\"><label for=\"forminator-field-email-1_69dcab7b90a89\" id=\"forminator-field-email-1_69dcab7b90a89-label\" class=\"forminator-label\">E-mail <span class=\"forminator-required\">*<\/span><\/label><input type=\"email\" name=\"email-1\" value=\"\" placeholder=\"\" id=\"forminator-field-email-1_69dcab7b90a89\" class=\"forminator-input forminator-email--field\" data-required=\"1\" aria-required=\"true\" autocomplete=\"email\" \/><\/div><\/div><\/div><div class=\"forminator-row\"><div id=\"phone-1\" class=\"forminator-field-phone forminator-col forminator-col-12\"><div class=\"forminator-field\"><label for=\"forminator-field-phone-1_69dcab7b90a89\" id=\"forminator-field-phone-1_69dcab7b90a89-label\" class=\"forminator-label\">Nr Tel <span class=\"forminator-required\">*<\/span><\/label><input type=\"text\" name=\"phone-1\" value=\"\" placeholder=\"\" id=\"forminator-field-phone-1_69dcab7b90a89\" class=\"forminator-input forminator-field--phone\" data-required=\"1\" aria-required=\"true\" autocomplete=\"off\" \/><\/div><\/div><\/div><input type=\"hidden\" name=\"referer_url\" value=\"\" \/><div class=\"forminator-row forminator-row-last\"><div class=\"forminator-col\"><div class=\"forminator-field\"><button class=\"forminator-button forminator-button-submit\">Rezervo<\/button><\/div><\/div><\/div><input type=\"hidden\" id=\"forminator_nonce\" name=\"forminator_nonce\" value=\"eb673bcca4\" \/><input type=\"hidden\" name=\"_wp_http_referer\" value=\"\/sq\/wp-json\/wp\/v2\/pages\/2695\" \/><input type=\"hidden\" name=\"form_id\" value=\"3146\"><input type=\"hidden\" name=\"page_id\" value=\"2695\"><input type=\"hidden\" name=\"form_type\" value=\"default\"><input type=\"hidden\" name=\"current_url\" value=\"https:\/\/fole.com.al\/sq\/ap21-2-2-2\/\"><input type=\"hidden\" name=\"render_id\" value=\"0\"><input type=\"hidden\" name=\"action\" value=\"forminator_submit_form_custom-forms\"><input type=\"hidden\" name=\"trp-form-language\" value=\"sq\"\/><\/form><\/div>\n\t\t\t\t\t\t<\/div>\n\t\t\t\t<\/div>\n\t\t\t\t\t<\/div>\n\t\t<\/div>\n\t\t\t\t\t<\/div>\n\t\t<\/section>\n\t\t\t\t<section class=\"elementor-section elementor-top-section elementor-element elementor-element-233d9e1 elementor-section-boxed elementor-section-height-default elementor-section-height-default\" data-id=\"233d9e1\" data-element_type=\"section\" data-e-type=\"section\">\n\t\t\t\t\t\t<div class=\"elementor-container elementor-column-gap-default\">\n\t\t\t\t\t<div class=\"elementor-column elementor-col-100 elementor-top-column elementor-element elementor-element-e0c8b63\" data-id=\"e0c8b63\" data-element_type=\"column\" data-e-type=\"column\">\n\t\t\t<div class=\"elementor-widget-wrap elementor-element-populated\">\n\t\t\t\t\t\t<div class=\"elementor-element elementor-element-9329b93 elementor-widget-divider--view-line elementor-widget elementor-widget-divider\" data-id=\"9329b93\" data-element_type=\"widget\" data-e-type=\"widget\" data-widget_type=\"divider.default\">\n\t\t\t\t<div class=\"elementor-widget-container\">\n\t\t\t\t\t\t\t<div class=\"elementor-divider\">\n\t\t\t<span class=\"elementor-divider-separator\">\n\t\t\t\t\t\t<\/span>\n\t\t<\/div>\n\t\t\t\t\t\t<\/div>\n\t\t\t\t<\/div>\n\t\t\t\t\t<\/div>\n\t\t<\/div>\n\t\t\t\t\t<\/div>\n\t\t<\/section>\n\t\t\t\t<\/div>","protected":false},"excerpt":{"rendered":"<p>One Bedroom Apartment Complete apartment, with a spacious area, of 100% functionally used and plenty of organization good, which enables the coexistence of two people. Area 40 m\u00b2 Beds 2 Kitchen Complete with stove and refrigerator Cabinets 2 Study tables 2 Toilet Wi-Fi Make your reservation now! Price for 2-3 Persons: 550\u20ac\/month<\/p>","protected":false},"author":1,"featured_media":0,"parent":0,"menu_order":0,"comment_status":"closed","ping_status":"closed","template":"tpl-default-elementor.php","meta":{"_monsterinsights_skip_tracking":false,"_monsterinsights_sitenote_active":false,"_monsterinsights_sitenote_note":"","_monsterinsights_sitenote_category":0,"footnotes":""},"class_list":["post-2695","page","type-page","status-publish","hentry"],"_links":{"self":[{"href":"https:\/\/fole.com.al\/sq\/wp-json\/wp\/v2\/pages\/2695","targetHints":{"allow":["GET"]}}],"collection":[{"href":"https:\/\/fole.com.al\/sq\/wp-json\/wp\/v2\/pages"}],"about":[{"href":"https:\/\/fole.com.al\/sq\/wp-json\/wp\/v2\/types\/page"}],"author":[{"embeddable":true,"href":"https:\/\/fole.com.al\/sq\/wp-json\/wp\/v2\/users\/1"}],"replies":[{"embeddable":true,"href":"https:\/\/fole.com.al\/sq\/wp-json\/wp\/v2\/comments?post=2695"}],"version-history":[{"count":77,"href":"https:\/\/fole.com.al\/sq\/wp-json\/wp\/v2\/pages\/2695\/revisions"}],"predecessor-version":[{"id":4317,"href":"https:\/\/fole.com.al\/sq\/wp-json\/wp\/v2\/pages\/2695\/revisions\/4317"}],"wp:attachment":[{"href":"https:\/\/fole.com.al\/sq\/wp-json\/wp\/v2\/media?parent=2695"}],"curies":[{"name":"wp","href":"https:\/\/api.w.org\/{rel}","templated":true}]}}