{"id":599,"date":"2020-11-30T09:01:49","date_gmt":"2020-11-30T09:01:49","guid":{"rendered":"http:\/\/old4.commonsupport.com\/apartio\/?page_id=599"},"modified":"2023-06-09T19:26:39","modified_gmt":"2023-06-09T19:26:39","slug":"rreth-nesh","status":"publish","type":"page","link":"https:\/\/fole.com.al\/it\/rreth-nesh\/","title":{"rendered":"Chi siamo"},"content":{"rendered":"<div data-elementor-type=\"wp-page\" data-elementor-id=\"599\" class=\"elementor elementor-599\">\n\t\t\t\t\t\t<section class=\"elementor-section elementor-top-section elementor-element elementor-element-db2e6a0 elementor-section-stretched elementor-section-full_width elementor-section-height-default elementor-section-height-default\" data-id=\"db2e6a0\" data-element_type=\"section\" data-e-type=\"section\" data-settings=\"{&quot;stretch_section&quot;:&quot;section-stretched&quot;}\">\n\t\t\t\t\t\t<div class=\"elementor-container elementor-column-gap-no\">\n\t\t\t\t\t<div class=\"elementor-column elementor-col-100 elementor-top-column elementor-element elementor-element-e5393ee\" data-id=\"e5393ee\" data-element_type=\"column\" data-e-type=\"column\">\n\t\t\t<div class=\"elementor-widget-wrap elementor-element-populated\">\n\t\t\t\t\t\t<div class=\"elementor-element elementor-element-5729dd2 elementor-widget elementor-widget-spacer\" data-id=\"5729dd2\" data-element_type=\"widget\" data-e-type=\"widget\" data-widget_type=\"spacer.default\">\n\t\t\t\t<div class=\"elementor-widget-container\">\n\t\t\t\t\t\t\t<div class=\"elementor-spacer\">\n\t\t\t<div class=\"elementor-spacer-inner\"><\/div>\n\t\t<\/div>\n\t\t\t\t\t\t<\/div>\n\t\t\t\t<\/div>\n\t\t\t\t<div class=\"elementor-element elementor-element-47c9d8f elementor-widget elementor-widget-apartio_welcome\" data-id=\"47c9d8f\" data-element_type=\"widget\" data-e-type=\"widget\" data-widget_type=\"apartio_welcome.default\">\n\t\t\t\t<div class=\"elementor-widget-container\">\n\t\t\t\t\t        \n\t\t<!--Start Welcome Style1 Area-->\n\t\t<section class=\"welcome-style1-area\">\n\t\t\t\t\t\t<div class=\"layer-outer wow slideInLeft\" data-wow-delay=\"100ms\" data-wow-duration=\"2500ms\">\n\t\t\t\t<img decoding=\"async\" src=\"https:\/\/fole.com.al\/wp-content\/uploads\/2023\/06\/image00014-scaled.jpeg\" alt=\"\">\n\t\t\t\t\t\t\t<\/div>\n\t\t\t<div class=\"container\">\n\t\t\t\t\t\t\t\t<div class=\"row\">\n\t\t\t\t\t<div class=\"col-xl-12\">\n\t\t\t\t\t\t<div class=\"welcome-style1-content\">\n\t\t\t\t\t\t\t<div class=\"thm-logo-box paroller\">\n\t\t\t\t\t\t\t\t<span class=\"icon-logo thm_clr1\"><\/span>\n\t\t\t\t\t\t\t<\/div>\n\t\t\t\t\t\t\t<div class=\"top\">\n\t\t\t\t\t\t\t\t<ul>\n\t\t\t\t\t\t\t\t\t<li>\n\t\t\t\t\t\t\t\t\t\t<div class=\"img-box\">\n\t\t\t\t\t\t\t\t\t\t\t \n\t\t\t\t\t\t\t\t\t\t\t<div class=\"inner\">\n\t\t\t\t\t\t\t\t\t\t\t\t<img decoding=\"async\" src=\"https:\/\/fole.com.al\/wp-content\/uploads\/2023\/06\/image00014-scaled.jpeg\" alt=\"\">\n\t\t\t\t\t\t\t\t\t\t\t\t\t\t\t\t\t\t\t\t\t\t\t<\/div>\n\t\t\t\t\t\t\t\t\t\t<\/div>\n\t\t\t\t\t\t\t\t\t\t<div class=\"text-box\">\n\t\t\t\t\t\t\t\t\t\t\t<h2>Alloggio moderno<\/h2>\n\t\t\t\t\t\t\t\t\t\t\t<p>Accommodation and services with the highest standards, a lively, attractive, safe, comprehensive environment and a wide range of services for a student life as dynamic as possible.<\/p>\n\t\t\t\t\t\t\t\t\t\t\t<div class=\"theme-shape pdtop30\">\n\t\t\t\t\t\t\t\t\t\t\t\t<ul class=\"theme-shape-box clearfix text-center\">\n\t\t\t\t\t\t\t\t\t\t\t\t\t<li class=\"shap_item paroller-2\"><span class=\"icon-pic1\"><\/span><\/li>\n\t\t\t\t\t\t\t\t\t\t\t\t\t<li class=\"shap_item paroller-2\"><span class=\"icon-pic2\"><\/span><\/li>\n\t\t\t\t\t\t\t\t\t\t\t\t\t<li class=\"shap_item paroller-2\"><span class=\"icon-pic3\"><\/span><\/li>\n\t\t\t\t\t\t\t\t\t\t\t\t<\/ul>\n\t\t\t\t\t\t\t\t\t\t\t<\/div>\n\t\t\t\t\t\t\t\t\t\t<\/div>\n\t\t\t\t\t\t\t\t\t<\/li>\n\t\t\t\t\t\t\t\t<\/ul>\n\t\t\t\t\t\t\t<\/div>\n\t\t\t\t\t\t\t\n\t\t\t\t\t\t\t<div class=\"bottom\">\n\t\t\t\t\t\t\t\t<ul>\n\t\t\t\t\t\t\t\t\t<li>\n\t\t\t\t\t\t\t\t\t\t<div class=\"text-box\">\n\t\t\t\t\t\t\t\t\t\t\t<h2>Condizioni contemporanee<\/h2>\n\t\t\t\t\t\t\t\t\t\t\t<p>La residenza \"Fol\u00e9\" \u00e8 composta da 4 edifici ricettivi con standard elevati e tecnologia all'avanguardia (facciata ventilata, sistema di cappa, isolamento acustico, sistema di riscaldamento-raffrescamento centralizzato, sistema di ascensore, sistema di monitoraggio della telecamera, sistema antincendio, sistema di gestione dei rifiuti, ecc. ).<\/p>\n\t\t\t\t\t\t\t\t\t\t\t<div class=\"theme-shape pdtop30\">\n\t\t\t\t\t\t\t\t\t\t\t\t<ul class=\"theme-shape-box clearfix text-center\">\n\t\t\t\t\t\t\t\t\t\t\t\t\t<li class=\"shap_item paroller-2\"><span class=\"icon-pic1\"><\/span><\/li>\n\t\t\t\t\t\t\t\t\t\t\t\t\t<li class=\"shap_item paroller-2\"><span class=\"icon-pic2\"><\/span><\/li>\n\t\t\t\t\t\t\t\t\t\t\t\t\t<li class=\"shap_item paroller-2\"><span class=\"icon-pic3\"><\/span><\/li>\n\t\t\t\t\t\t\t\t\t\t\t\t<\/ul>\n\t\t\t\t\t\t\t\t\t\t\t<\/div>\n\t\t\t\t\t\t\t\t\t\t<\/div>\n\t\t\t\t\t\t\t\t\t\t<div class=\"img-box\">\n\t\t\t\t\t\t\t\t\t\t\t \n\t\t\t\t\t\t\t\t\t\t\t<div class=\"inner\">\n\t\t\t\t\t\t\t\t\t\t\t\t<img decoding=\"async\" src=\"https:\/\/fole.com.al\/wp-content\/uploads\/2023\/04\/DJI_0213-scaled.jpg\" alt=\"\">\n\t\t\t\t\t\t\t\t\t\t\t\t\t\t\t\t\t\t\t\t\t\t\t<\/div>\n\t\t\t\t\t\t\t\t\t\t<\/div>\n\t\t\t\t\t\t\t\t\t<\/li>\n\t\t\t\t\t\t\t\t<\/ul>\n\t\t\t\t\t\t\t<\/div>\n\t\t\t\t\t\t\t\n\t\t\t\t\t\t<\/div>\n\t\t\t\t\t<\/div>\n\t\t\t\t<\/div>\n\t\t\t<\/div>\n\t\t<\/section>\n\t\t<!--End Welcome Style1 Area-->\n             \n\t\t\t\t\t\t<\/div>\n\t\t\t\t<\/div>\n\t\t\t\t\t<\/div>\n\t\t<\/div>\n\t\t\t\t\t<\/div>\n\t\t<\/section>\n\t\t\t\t<section class=\"elementor-section elementor-top-section elementor-element elementor-element-3bef8978 elementor-section-stretched elementor-section-full_width elementor-section-height-default elementor-section-height-default\" data-id=\"3bef8978\" data-element_type=\"section\" data-e-type=\"section\" data-settings=\"{&quot;stretch_section&quot;:&quot;section-stretched&quot;}\">\n\t\t\t\t\t\t<div class=\"elementor-container elementor-column-gap-no\">\n\t\t\t\t\t<div class=\"elementor-column elementor-col-100 elementor-top-column elementor-element elementor-element-9bb5921\" data-id=\"9bb5921\" data-element_type=\"column\" data-e-type=\"column\">\n\t\t\t<div class=\"elementor-widget-wrap elementor-element-populated\">\n\t\t\t\t\t\t<div class=\"elementor-element elementor-element-ef99ba9 elementor-widget elementor-widget-apartio_service_icon4\" data-id=\"ef99ba9\" data-element_type=\"widget\" data-e-type=\"widget\" data-widget_type=\"apartio_service_icon4.default\">\n\t\t\t\t<div class=\"elementor-widget-container\">\n\t\t\t\t\t        \n\t\t\n\n     <script>\n jQuery(document).ready(function($) {\n\n\/\/put the js code under this line \n\nif ($(\".features-style2-carousel\").length) {\n    $(\".features-style2-carousel\").owlCarousel({\n        loop: true,\n        margin: 30,\n        dots: true,\n        nav: false,\n        stagePadding: 0,\n        singleItem:true,\n        smartSpeed: 500,\n        autoplay: true,\n        autoplayTimeout:6000,\n        responsive:{\n            0:{\n                items:1\n            },\n            768:{\n                items:2\n            },\n            1024:{\n                items:3\n            }\n        }\n    });    \t\t\n}\n\n\/\/put the code above the line \n\n  });\n<\/script>\t\t\n\t\t<!--Start features style2 Area-->\n\t\t<section class=\"features-style2-area\">\n\t\t\t<div class=\"container\">\n\t\t\t\t\t\t\t\t<div class=\"sec-title text-center\">\n\t\t\t\t\t<div class=\"title-icon\">\n\t\t\t\t\t\t<span class=\"icon-design\"><\/span>\n\t\t\t\t\t<\/div>\n\t\t\t\t\t<div class=\"sub-title\">\n\t\t\t\t\t\t<h4><\/h4>\n\t\t\t\t\t<\/div>\n\t\t\t\t\t<h2>La nostra missione<\/h2>\n\t\t\t\t<\/div>\n\t\t\t\t\t\t\t\t<div class=\"row\">\n\t\t\t\t\t<div class=\"col-xl-12\">\n\t\t\t\t\t\t<div class=\"features-style2-carousel owl-carousel owl-theme owl-dot-style1\">\n\t\t\t\t\t\t\t\t\t\t\t\t\t\t<!--Start Single Features Box Style2-->\n\t\t\t\t\t\t\t<div class=\"single-features-box-style2 text-center\">\n\t\t\t\t\t\t\t\t<div class=\"icon-holder\">\n\t\t\t\t\t\t\t\t\t<div class=\"inner\">\n\t\t\t\t\t\t\t\t\t\t<span class=\"icon-icon3\"><\/span>\n\t\t\t\t\t\t\t\t\t<\/div>\n\t\t\t\t\t\t\t\t<\/div>\n\t\t\t\t\t\t\t\t<div class=\"text-holder\">\n\t\t\t\t\t\t\t\t\t<h3>Integrit\u00e0<\/h3>\n\t\t\t\t\t\t\t\t\t<p>Onoriamo i nostri impegni, sforzandoci di essere sempre onesti, affidabili, rispettosi ed etici. Il nostro lavoro di squadra, i nostri valori di disciplina, incoraggiamento, rispetto e fiducia costruiranno le fondamenta della nostra attivit\u00e0. Siamo sicuri che con la lealt\u00e0 possiamo guadagnare una crescita permanente e di successo.<\/p>\n\t\t\t\t\t\t\t\t<\/div>    \n\t\t\t\t\t\t\t<\/div>\n\t\t\t\t\t\t\t<!--End Single Features Box Style2-->\n\t\t\t\t\t\t\t\t\t\t\t\t\t\t<!--Start Single Features Box Style2-->\n\t\t\t\t\t\t\t<div class=\"single-features-box-style2 text-center\">\n\t\t\t\t\t\t\t\t<div class=\"icon-holder\">\n\t\t\t\t\t\t\t\t\t<div class=\"inner\">\n\t\t\t\t\t\t\t\t\t\t<span class=\"icon-icon47\"><\/span>\n\t\t\t\t\t\t\t\t\t<\/div>\n\t\t\t\t\t\t\t\t<\/div>\n\t\t\t\t\t\t\t\t<div class=\"text-holder\">\n\t\t\t\t\t\t\t\t\t<h3>Responsabilit\u00e0 sociale<\/h3>\n\t\t\t\t\t\t\t\t\t<p>Il rispetto per gli altri favorisce una maggiore opportunit\u00e0 di comprensione. Ci impegniamo a trattare tutti con dignit\u00e0, indipendentemente da opinioni, esperienze, background o prospettive.<\/p>\n\t\t\t\t\t\t\t\t<\/div>    \n\t\t\t\t\t\t\t<\/div>\n\t\t\t\t\t\t\t<!--End Single Features Box Style2-->\n\t\t\t\t\t\t\t\t\t\t\t\t\t\t<!--Start Single Features Box Style2-->\n\t\t\t\t\t\t\t<div class=\"single-features-box-style2 text-center\">\n\t\t\t\t\t\t\t\t<div class=\"icon-holder\">\n\t\t\t\t\t\t\t\t\t<div class=\"inner\">\n\t\t\t\t\t\t\t\t\t\t<span class=\"fas fa-comment-dots\"><\/span>\n\t\t\t\t\t\t\t\t\t<\/div>\n\t\t\t\t\t\t\t\t<\/div>\n\t\t\t\t\t\t\t\t<div class=\"text-holder\">\n\t\t\t\t\t\t\t\t\t<h3>Comunicazione ed etica<\/h3>\n\t\t\t\t\t\t\t\t\t<p>Ci assumiamo la responsabilit\u00e0 di ascoltare, parlare e comunicare in modo rispettoso e salutare tra studenti, amministrazione, personale e altre parti interessate della comunit\u00e0.<\/p>\n\t\t\t\t\t\t\t\t<\/div>    \n\t\t\t\t\t\t\t<\/div>\n\t\t\t\t\t\t\t<!--End Single Features Box Style2-->\n\t\t\t\t\t\t\t\t\t\t\t\t\t\t<!--Start Single Features Box Style2-->\n\t\t\t\t\t\t\t<div class=\"single-features-box-style2 text-center\">\n\t\t\t\t\t\t\t\t<div class=\"icon-holder\">\n\t\t\t\t\t\t\t\t\t<div class=\"inner\">\n\t\t\t\t\t\t\t\t\t\t<span class=\"far fa-id-card\"><\/span>\n\t\t\t\t\t\t\t\t\t<\/div>\n\t\t\t\t\t\t\t\t<\/div>\n\t\t\t\t\t\t\t\t<div class=\"text-holder\">\n\t\t\t\t\t\t\t\t\t<h3>Servizio Clienti<\/h3>\n\t\t\t\t\t\t\t\t\t<p>I nostri studenti sono la nostra priorit\u00e0 numero uno. Soddisferemo completamente le loro esigenze e aspettative perch\u00e9 la loro soddisfazione \u00e8 alla base dei nostri fattori chiave di successo.<\/p>\n\t\t\t\t\t\t\t\t<\/div>    \n\t\t\t\t\t\t\t<\/div>\n\t\t\t\t\t\t\t<!--End Single Features Box Style2-->\n\t\t\t\t\t\t\t\t\t\t\t\t\t<\/div>\n\t\t\t\t\t<\/div>\n\t\t\t\t<\/div>\n\t\t\t\t\n\t\t\t<\/div>\n\t\t<\/section>\n\t\t<!--End features style2 Area-->\n             \n\t\t\t\t\t\t<\/div>\n\t\t\t\t<\/div>\n\t\t\t\t\t<\/div>\n\t\t<\/div>\n\t\t\t\t\t<\/div>\n\t\t<\/section>\n\t\t\t\t<section class=\"elementor-section elementor-top-section elementor-element elementor-element-6726438f elementor-section-stretched elementor-section-full_width elementor-section-height-default elementor-section-height-default\" data-id=\"6726438f\" data-element_type=\"section\" data-e-type=\"section\" data-settings=\"{&quot;stretch_section&quot;:&quot;section-stretched&quot;}\">\n\t\t\t\t\t\t<div class=\"elementor-container elementor-column-gap-no\">\n\t\t\t\t\t<div class=\"elementor-column elementor-col-100 elementor-top-column elementor-element elementor-element-45ee0fc1\" data-id=\"45ee0fc1\" data-element_type=\"column\" data-e-type=\"column\">\n\t\t\t<div class=\"elementor-widget-wrap elementor-element-populated\">\n\t\t\t\t\t\t\t<\/div>\n\t\t<\/div>\n\t\t\t\t\t<\/div>\n\t\t<\/section>\n\t\t\t\t<\/div>","protected":false},"excerpt":{"rendered":"<p>Modern accommodation Accommodation and services with the highest standards, a lively, attractive, safe, comprehensive environment and a wide range of services for a student life as dynamic as possible. Contemporary conditions \"Fol\u00e9\" residence consists of 4 accommodation buildings with high standards and the latest technology (ventilated facade, hood system, acoustic insulation, central heating-cooling system, elevator [&hellip;]<\/p>\n","protected":false},"author":1,"featured_media":0,"parent":0,"menu_order":0,"comment_status":"closed","ping_status":"closed","template":"tpl-default-elementor.php","meta":{"_monsterinsights_skip_tracking":false,"_monsterinsights_sitenote_active":false,"_monsterinsights_sitenote_note":"","_monsterinsights_sitenote_category":0,"footnotes":""},"class_list":["post-599","page","type-page","status-publish","hentry"],"_links":{"self":[{"href":"https:\/\/fole.com.al\/it\/wp-json\/wp\/v2\/pages\/599","targetHints":{"allow":["GET"]}}],"collection":[{"href":"https:\/\/fole.com.al\/it\/wp-json\/wp\/v2\/pages"}],"about":[{"href":"https:\/\/fole.com.al\/it\/wp-json\/wp\/v2\/types\/page"}],"author":[{"embeddable":true,"href":"https:\/\/fole.com.al\/it\/wp-json\/wp\/v2\/users\/1"}],"replies":[{"embeddable":true,"href":"https:\/\/fole.com.al\/it\/wp-json\/wp\/v2\/comments?post=599"}],"version-history":[{"count":41,"href":"https:\/\/fole.com.al\/it\/wp-json\/wp\/v2\/pages\/599\/revisions"}],"predecessor-version":[{"id":4155,"href":"https:\/\/fole.com.al\/it\/wp-json\/wp\/v2\/pages\/599\/revisions\/4155"}],"wp:attachment":[{"href":"https:\/\/fole.com.al\/it\/wp-json\/wp\/v2\/media?parent=599"}],"curies":[{"name":"wp","href":"https:\/\/api.w.org\/{rel}","templated":true}]}}